{"id":15,"date":"2012-06-05T20:39:31","date_gmt":"2012-06-05T18:39:31","guid":{"rendered":"http:\/\/themptander.com\/?page_id=15"},"modified":"2020-01-12T19:31:52","modified_gmt":"2020-01-12T17:31:52","slug":"bakning","status":"publish","type":"page","link":"https:\/\/themptander.com\/?page_id=15","title":{"rendered":"Bakning"},"content":{"rendered":"<p>Ett annat stort intresse jag har \u00e4r att baka.<br \/>\nF\u00f6rst var det bara s\u00f6tsaker d\u00e4r kladdkaka \u00e4r en specialitet.<br \/>\nHar l\u00e4nge velat baka mitt egna br\u00f6d men det har inte blivit av f\u00f6r jag har trott det varit mer komplicerat \u00e4n vad det visade sig vara.<br \/>\nSedan februari bakar jag mitt eget br\u00f6d och ger\/s\u00e4ljer \u00e4ven lite till v\u00e4nner som vill ha.<br \/>\nDet \u00e4r gott och man vet vad som faktiskt \u00e4r i br\u00f6det man \u00e4ter.<br \/>\nL\u00e4tt och billigt \u00e4r det ocks\u00e5, allt som kr\u00e4vs \u00e4r lite tid.<\/p>\n<p>&nbsp;<\/p>\n<p><a href=\"https:\/\/themptander.com\/wp-content\/uploads\/2012\/06\/DSC_08551.jpg\"><img decoding=\"async\" class=\"alignnone size-full wp-image-17\" title=\"Durum br\u00f6d\" src=\"https:\/\/themptander.com\/wp-content\/uploads\/2012\/06\/DSC_08551.jpg\" alt=\"Durum br\u00f6d\" \/><\/a><\/p>\n","protected":false},"excerpt":{"rendered":"<p>Ett annat stort intresse jag har \u00e4r att baka. F\u00f6rst var det bara s\u00f6tsaker d\u00e4r kladdkaka \u00e4r en specialitet. Har l\u00e4nge velat baka mitt egna br\u00f6d men det har inte blivit av f\u00f6r jag har trott det varit mer komplicerat &hellip; <a href=\"https:\/\/themptander.com\/?page_id=15\">Continue reading <span class=\"meta-nav\">&rarr;<\/span><\/a><\/p>\n","protected":false},"author":1,"featured_media":0,"parent":0,"menu_order":0,"comment_status":"closed","ping_status":"closed","template":"","meta":{"jetpack_post_was_ever_published":false,"footnotes":""},"class_list":["post-15","page","type-page","status-publish","hentry"],"jetpack_likes_enabled":true,"jetpack_sharing_enabled":true,"_links":{"self":[{"href":"https:\/\/themptander.com\/index.php?rest_route=\/wp\/v2\/pages\/15","targetHints":{"allow":["GET"]}}],"collection":[{"href":"https:\/\/themptander.com\/index.php?rest_route=\/wp\/v2\/pages"}],"about":[{"href":"https:\/\/themptander.com\/index.php?rest_route=\/wp\/v2\/types\/page"}],"author":[{"embeddable":true,"href":"https:\/\/themptander.com\/index.php?rest_route=\/wp\/v2\/users\/1"}],"replies":[{"embeddable":true,"href":"https:\/\/themptander.com\/index.php?rest_route=%2Fwp%2Fv2%2Fcomments&post=15"}],"version-history":[{"count":2,"href":"https:\/\/themptander.com\/index.php?rest_route=\/wp\/v2\/pages\/15\/revisions"}],"predecessor-version":[{"id":139,"href":"https:\/\/themptander.com\/index.php?rest_route=\/wp\/v2\/pages\/15\/revisions\/139"}],"wp:attachment":[{"href":"https:\/\/themptander.com\/index.php?rest_route=%2Fwp%2Fv2%2Fmedia&parent=15"}],"curies":[{"name":"wp","href":"https:\/\/api.w.org\/{rel}","templated":true}]}}