{"id":12,"date":"2012-06-05T20:09:44","date_gmt":"2012-06-05T18:09:44","guid":{"rendered":"http:\/\/themptander.com\/?page_id=12"},"modified":"2012-06-05T21:39:56","modified_gmt":"2012-06-05T19:39:56","slug":"sport","status":"publish","type":"page","link":"https:\/\/themptander.com\/?page_id=12","title":{"rendered":"Sport"},"content":{"rendered":"<p>Jag har varit sportintresserad sedan jag var 12 \u00e5r gammal och det har bara byggts p\u00e5 med \u00e5ren. Det \u00e4r ingen speciell sport som \u00e4r mitt st\u00f6rsta intresse utan jag \u00e4r intresserad av de flesta sporter. Det finns naturligtvis de jag f\u00f6ljer mer \u00e4n andra men f\u00f6rs\u00f6ker ha allm\u00e4n bra koll.<\/p>\n<p>Friidrott,\u00a0Fotboll,\u00a0H\u00e4stsport, Handboll \u00e4r bland dem jag brinner mest f\u00f6r.<\/p>\n<p>Jag gillar att diskutera sport och skriva om det utifr\u00e5n mina synpunkter och \u00e5sikter.<br \/>\nAlltid roligt snacka om s\u00e5nt man gillar med likasinnade och \u00e4n b\u00e4ttre n\u00e4r folk gillar p\u00e5 det s\u00e4tt man uttrycker sig i texter och analyser.<\/p>\n<p>Uppdaterade tankar om sport <a href=\"https:\/\/themptander.com\/?cat=5\">&gt;&gt;&gt;<\/a><\/p>\n","protected":false},"excerpt":{"rendered":"<p>Jag har varit sportintresserad sedan jag var 12 \u00e5r gammal och det har bara byggts p\u00e5 med \u00e5ren. Det \u00e4r ingen speciell sport som \u00e4r mitt st\u00f6rsta intresse utan jag \u00e4r intresserad av de flesta sporter. Det finns naturligtvis de &hellip; <a href=\"https:\/\/themptander.com\/?page_id=12\">Continue reading <span class=\"meta-nav\">&rarr;<\/span><\/a><\/p>\n","protected":false},"author":1,"featured_media":0,"parent":0,"menu_order":0,"comment_status":"open","ping_status":"open","template":"","meta":{"jetpack_post_was_ever_published":false,"footnotes":""},"class_list":["post-12","page","type-page","status-publish","hentry"],"jetpack_likes_enabled":true,"jetpack_sharing_enabled":true,"_links":{"self":[{"href":"https:\/\/themptander.com\/index.php?rest_route=\/wp\/v2\/pages\/12","targetHints":{"allow":["GET"]}}],"collection":[{"href":"https:\/\/themptander.com\/index.php?rest_route=\/wp\/v2\/pages"}],"about":[{"href":"https:\/\/themptander.com\/index.php?rest_route=\/wp\/v2\/types\/page"}],"author":[{"embeddable":true,"href":"https:\/\/themptander.com\/index.php?rest_route=\/wp\/v2\/users\/1"}],"replies":[{"embeddable":true,"href":"https:\/\/themptander.com\/index.php?rest_route=%2Fwp%2Fv2%2Fcomments&post=12"}],"version-history":[{"count":2,"href":"https:\/\/themptander.com\/index.php?rest_route=\/wp\/v2\/pages\/12\/revisions"}],"predecessor-version":[{"id":34,"href":"https:\/\/themptander.com\/index.php?rest_route=\/wp\/v2\/pages\/12\/revisions\/34"}],"wp:attachment":[{"href":"https:\/\/themptander.com\/index.php?rest_route=%2Fwp%2Fv2%2Fmedia&parent=12"}],"curies":[{"name":"wp","href":"https:\/\/api.w.org\/{rel}","templated":true}]}}